{"id":480,"date":"2017-11-13T19:43:49","date_gmt":"2017-11-13T18:43:49","guid":{"rendered":"http:\/\/www.rmsv-langenbrand.de\/?page_id=480"},"modified":"2023-03-21T19:55:34","modified_gmt":"2023-03-21T18:55:34","slug":"impressum","status":"publish","type":"page","link":"https:\/\/www.rmsv-langenbrand.de\/?page_id=480","title":{"rendered":"Impressum"},"content":{"rendered":"<p>RMSV &#8220;Heller Stern&#8221; Langenbrand<\/p>\n<p>Alte Str. 23 76596 Forbach<\/p>\n<h4>&nbsp;<\/h4>\n<h1>Webdesign<\/h1>\n<p>Manuel Sch\u00e4fer<\/p>\n<p><a class=\"moz-txt-link-abbreviated\" href=\"mailto:webmaster@rmsv-langenbrand.de\">webmaster@rmsv-langenbrand.de<\/a><\/p>\n<p>&nbsp;<\/p>\n<p>1. Inhalt des Onlineangebotes Der Autor \u00fcbernimmt keinerlei Gew\u00e4hr f\u00fcr die Aktualit\u00e4t, Korrektheit, Vollst\u00e4ndigkeit oder Qualit\u00e4t der bereitgestellten Informationen. Haftungsanspr\u00fcche gegen den Autor, welche sich auf Sch\u00e4den materieller oder ideeller Art beziehen, die durch die Nutzung oder Nichtnutzung der dargebotenen Informationen bzw. durch die Nutzung fehlerhafter und unvollst\u00e4ndiger Informationen verursacht wurden, sind grunds\u00e4tzlich ausgeschlossen.<\/p>\n<p>2. Verweise und Links Der Autor erkl\u00e4rt hiermit ausdr\u00fccklich, dass zum Zeitpunkt der Linksetzung keine illegalen Inhalte auf den zu verlinkenden Seiten erkennbar waren. Auf die aktuelle und zuk\u00fcnftige Gestaltung, die Inhalte oder die Urheberschaft der gelinkten\/ verkn\u00fcpften Seiten hat der Autor keinerlei Einfluss. Deshalb distanziert er sich hiermit ausdr\u00fccklich von allen Inhalten aller gelinkten \/verkn\u00fcpften Seiten, die nach der Linksetzung ver\u00e4ndert wurden.<\/p>\n<p>3. Urheber- und Kennzeichenrecht Das Copyright f\u00fcr ver\u00f6ffentlichte, vom Autor selbst erstellte Objekte bleibt allein beim Autor der Seiten. Eine Vervielf\u00e4ltigung oder Verwendung solcher Grafiken, Tondokumente, Videosequenzen und Texte in anderen elektronischen oder gedruckten Publikationen ist ohne ausdr\u00fcckliche Zustimmung des Autors nicht gestattet.<\/p>\n<p>4. Rechtswirksamkeit dieses Haftungsausschlusses Dieser Haftungsausschluss ist als Teil des Internetangebotes zu betrachten, von dem aus auf diese Seite verwiesen wurde. Sofern Teile oder einzelne Formulierungen dieses Textes der geltenden Rechtslage nicht, nicht mehr oder nicht vollst\u00e4ndig entsprechen sollten, bleiben die \u00fcbrigen Teile des Dokumentes in ihrem Inhalt und ihrer G\u00fcltigkeit davon unber\u00fchrt.<\/p>\n","protected":false},"excerpt":{"rendered":"<p>RMSV &#8220;Heller Stern&#8221; Langenbrand Alte Str. 23 76596 Forbach &nbsp; Webdesign Manuel Sch\u00e4fer webmaster@rmsv-langenbrand.de &nbsp; 1. Inhalt des Onlineangebotes Der Autor \u00fcbernimmt keinerlei Gew\u00e4hr f\u00fcr die Aktualit\u00e4t, Korrektheit, Vollst\u00e4ndigkeit oder Qualit\u00e4t der bereitgestellten Informationen. Haftungsanspr\u00fcche gegen den Autor, welche sich auf Sch\u00e4den materieller oder ideeller Art beziehen, die durch die <a class=\"more-link\" href=\"https:\/\/www.rmsv-langenbrand.de\/?page_id=480\">Weiterlesen<\/a><\/p>\n","protected":false},"author":1,"featured_media":0,"parent":0,"menu_order":0,"comment_status":"closed","ping_status":"closed","template":"","meta":{"ngg_post_thumbnail":0,"footnotes":""},"class_list":["post-480","page","type-page","status-publish","hentry"],"_links":{"self":[{"href":"https:\/\/www.rmsv-langenbrand.de\/index.php?rest_route=\/wp\/v2\/pages\/480","targetHints":{"allow":["GET"]}}],"collection":[{"href":"https:\/\/www.rmsv-langenbrand.de\/index.php?rest_route=\/wp\/v2\/pages"}],"about":[{"href":"https:\/\/www.rmsv-langenbrand.de\/index.php?rest_route=\/wp\/v2\/types\/page"}],"author":[{"embeddable":true,"href":"https:\/\/www.rmsv-langenbrand.de\/index.php?rest_route=\/wp\/v2\/users\/1"}],"replies":[{"embeddable":true,"href":"https:\/\/www.rmsv-langenbrand.de\/index.php?rest_route=%2Fwp%2Fv2%2Fcomments&post=480"}],"version-history":[{"count":5,"href":"https:\/\/www.rmsv-langenbrand.de\/index.php?rest_route=\/wp\/v2\/pages\/480\/revisions"}],"predecessor-version":[{"id":2958,"href":"https:\/\/www.rmsv-langenbrand.de\/index.php?rest_route=\/wp\/v2\/pages\/480\/revisions\/2958"}],"wp:attachment":[{"href":"https:\/\/www.rmsv-langenbrand.de\/index.php?rest_route=%2Fwp%2Fv2%2Fmedia&parent=480"}],"curies":[{"name":"wp","href":"https:\/\/api.w.org\/{rel}","templated":true}]}}