{"id":3599,"date":"2024-07-22T16:39:40","date_gmt":"2024-07-22T14:39:40","guid":{"rendered":"https:\/\/www.rmsv-langenbrand.de\/?page_id=3599"},"modified":"2024-07-22T16:44:38","modified_gmt":"2024-07-22T14:44:38","slug":"bilder-2024","status":"publish","type":"page","link":"https:\/\/www.rmsv-langenbrand.de\/?page_id=3599","title":{"rendered":"Bilder 2024"},"content":{"rendered":"\n<p>Vielen Dank an dieser Stelle an <strong>Thomas Laut<\/strong>, der uns schon seit Jahren regelm\u00e4\u00dfig besucht und immer wieder sch\u00f6ne Moment auf Bildern einf\u00e4ngt.<\/p>\n\n\n\n<p>Den Link zu seinen Bildern finden Sie hier:<\/p>\n\n\n\n<p><a href=\"https:\/\/www.flickr.com\/photos\/194662970@N03\/albums\/72177720319031809\/\">Langenbrander Bike-Session 2024 | Flickr<\/a><\/p>\n\n\n\n<figure class=\"wp-block-gallery has-nested-images columns-default is-cropped wp-block-gallery-1 is-layout-flex wp-block-gallery-is-layout-flex\">\n<figure class=\"wp-block-image size-large\"><a href=\"https:\/\/www.rmsv-langenbrand.de\/wp-content\/uploads\/2024\/07\/53873382875_cd1b7368b6_k.jpg\"><img loading=\"lazy\" decoding=\"async\" width=\"683\" height=\"1024\" data-id=\"3604\" src=\"https:\/\/www.rmsv-langenbrand.de\/wp-content\/uploads\/2024\/07\/53873382875_cd1b7368b6_k-683x1024.jpg\" alt=\"\" class=\"wp-image-3604\" srcset=\"https:\/\/www.rmsv-langenbrand.de\/wp-content\/uploads\/2024\/07\/53873382875_cd1b7368b6_k-683x1024.jpg 683w, https:\/\/www.rmsv-langenbrand.de\/wp-content\/uploads\/2024\/07\/53873382875_cd1b7368b6_k-200x300.jpg 200w, https:\/\/www.rmsv-langenbrand.de\/wp-content\/uploads\/2024\/07\/53873382875_cd1b7368b6_k-768x1151.jpg 768w, https:\/\/www.rmsv-langenbrand.de\/wp-content\/uploads\/2024\/07\/53873382875_cd1b7368b6_k-1025x1536.jpg 1025w, https:\/\/www.rmsv-langenbrand.de\/wp-content\/uploads\/2024\/07\/53873382875_cd1b7368b6_k.jpg 1366w\" sizes=\"auto, (max-width: 683px) 100vw, 683px\" \/><\/a><figcaption class=\"wp-element-caption\">Thomas Laut<\/figcaption><\/figure>\n\n\n\n<figure class=\"wp-block-image size-large\"><a href=\"https:\/\/www.rmsv-langenbrand.de\/wp-content\/uploads\/2024\/07\/53873391325_08c8a8ec55_6k-scaled.jpg\"><img loading=\"lazy\" decoding=\"async\" width=\"1024\" height=\"683\" data-id=\"3605\" src=\"https:\/\/www.rmsv-langenbrand.de\/wp-content\/uploads\/2024\/07\/53873391325_08c8a8ec55_6k-1024x683.jpg\" alt=\"\" class=\"wp-image-3605\" srcset=\"https:\/\/www.rmsv-langenbrand.de\/wp-content\/uploads\/2024\/07\/53873391325_08c8a8ec55_6k-1024x683.jpg 1024w, https:\/\/www.rmsv-langenbrand.de\/wp-content\/uploads\/2024\/07\/53873391325_08c8a8ec55_6k-300x200.jpg 300w, https:\/\/www.rmsv-langenbrand.de\/wp-content\/uploads\/2024\/07\/53873391325_08c8a8ec55_6k-768x512.jpg 768w, https:\/\/www.rmsv-langenbrand.de\/wp-content\/uploads\/2024\/07\/53873391325_08c8a8ec55_6k-1536x1025.jpg 1536w, https:\/\/www.rmsv-langenbrand.de\/wp-content\/uploads\/2024\/07\/53873391325_08c8a8ec55_6k-2048x1366.jpg 2048w\" sizes=\"auto, (max-width: 1024px) 100vw, 1024px\" \/><\/a><figcaption class=\"wp-element-caption\">Thomas Laut<\/figcaption><\/figure>\n<\/figure>\n","protected":false},"excerpt":{"rendered":"<p>Vielen Dank an dieser Stelle an Thomas Laut, der uns schon seit Jahren regelm\u00e4\u00dfig besucht und immer wieder sch\u00f6ne Moment auf Bildern einf\u00e4ngt. Den Link zu seinen Bildern finden Sie hier: Langenbrander Bike-Session 2024 | Flickr<\/p>\n","protected":false},"author":5,"featured_media":0,"parent":0,"menu_order":0,"comment_status":"closed","ping_status":"closed","template":"","meta":{"ngg_post_thumbnail":0,"footnotes":""},"class_list":["post-3599","page","type-page","status-publish","hentry"],"_links":{"self":[{"href":"https:\/\/www.rmsv-langenbrand.de\/index.php?rest_route=\/wp\/v2\/pages\/3599","targetHints":{"allow":["GET"]}}],"collection":[{"href":"https:\/\/www.rmsv-langenbrand.de\/index.php?rest_route=\/wp\/v2\/pages"}],"about":[{"href":"https:\/\/www.rmsv-langenbrand.de\/index.php?rest_route=\/wp\/v2\/types\/page"}],"author":[{"embeddable":true,"href":"https:\/\/www.rmsv-langenbrand.de\/index.php?rest_route=\/wp\/v2\/users\/5"}],"replies":[{"embeddable":true,"href":"https:\/\/www.rmsv-langenbrand.de\/index.php?rest_route=%2Fwp%2Fv2%2Fcomments&post=3599"}],"version-history":[{"count":3,"href":"https:\/\/www.rmsv-langenbrand.de\/index.php?rest_route=\/wp\/v2\/pages\/3599\/revisions"}],"predecessor-version":[{"id":3629,"href":"https:\/\/www.rmsv-langenbrand.de\/index.php?rest_route=\/wp\/v2\/pages\/3599\/revisions\/3629"}],"wp:attachment":[{"href":"https:\/\/www.rmsv-langenbrand.de\/index.php?rest_route=%2Fwp%2Fv2%2Fmedia&parent=3599"}],"curies":[{"name":"wp","href":"https:\/\/api.w.org\/{rel}","templated":true}]}}