{"id":3103,"date":"2023-06-05T17:53:24","date_gmt":"2023-06-05T15:53:24","guid":{"rendered":"https:\/\/www.rmsv-langenbrand.de\/?page_id=3103"},"modified":"2023-07-08T20:51:31","modified_gmt":"2023-07-08T18:51:31","slug":"berichte-2023-2","status":"publish","type":"page","link":"https:\/\/www.rmsv-langenbrand.de\/?page_id=3103","title":{"rendered":"Berichte 2023"},"content":{"rendered":"\n<p><strong>Motorradausfahrt <\/strong><\/p>\n\n\n\n<p>33 Bikes mit 37 Personen starteten zur 15. Ausfahrt des RMSV<\/p>\n\n\n\n<p>Gefahren wurde \u00fcber Besenfeld, Erzgrube, Pfalzgrafenweiler, Haiterbach nach Egenhausen. Dort legten wir eine Pause im Cafe Saur ein, um uns f\u00fcr die Weiterfahrt mit Kaffee, Kuchen und Kaltgetr\u00e4nken zu st\u00e4rken.<\/p>\n\n\n\n<p>Danach gings weiter \u00fcber Altensteig, Aichhalden, Enzkl\u00f6sterle, Wildbad, Bad Herrenalb, Loffenau zur\u00fcck nach Langenbrand. Dort trafen wir nach 150 km und drei Stunden reiner Fahrtzeit mit zwei Gastfahrern aus England (sie hatten sich uns unterwegs angeschlossen) beim Sommerfest der Alten Abtei auf dem Festplatz ein. Mit einem k\u00fchlen Radler lie\u00dfen wir die diesj\u00e4hrige Ausfahrt ausklingen.<\/p>\n\n\n\n<figure class=\"wp-block-image size-large\"><a href=\"https:\/\/www.rmsv-langenbrand.de\/wp-content\/uploads\/2023\/07\/Motorradausfahrt-17-scaled.jpg\"><img loading=\"lazy\" decoding=\"async\" width=\"1024\" height=\"576\" src=\"https:\/\/www.rmsv-langenbrand.de\/wp-content\/uploads\/2023\/07\/Motorradausfahrt-17-1024x576.jpg\" alt=\"\" class=\"wp-image-3255\" srcset=\"https:\/\/www.rmsv-langenbrand.de\/wp-content\/uploads\/2023\/07\/Motorradausfahrt-17-1024x576.jpg 1024w, https:\/\/www.rmsv-langenbrand.de\/wp-content\/uploads\/2023\/07\/Motorradausfahrt-17-300x169.jpg 300w, https:\/\/www.rmsv-langenbrand.de\/wp-content\/uploads\/2023\/07\/Motorradausfahrt-17-768x432.jpg 768w, https:\/\/www.rmsv-langenbrand.de\/wp-content\/uploads\/2023\/07\/Motorradausfahrt-17-1536x864.jpg 1536w, https:\/\/www.rmsv-langenbrand.de\/wp-content\/uploads\/2023\/07\/Motorradausfahrt-17-2048x1152.jpg 2048w\" sizes=\"auto, (max-width: 1024px) 100vw, 1024px\" \/><\/a><\/figure>\n\n\n\n<p><strong>Fahrsicherheitstraining<\/strong> <\/p>\n\n\n\n<figure class=\"wp-block-image size-large is-resized\"><a href=\"https:\/\/www.rmsv-langenbrand.de\/wp-content\/uploads\/2023\/06\/AB46D9FD-4F56-43CB-8F89-9361D9852B3E.jpeg\"><img loading=\"lazy\" decoding=\"async\" src=\"https:\/\/www.rmsv-langenbrand.de\/wp-content\/uploads\/2023\/06\/AB46D9FD-4F56-43CB-8F89-9361D9852B3E-1024x1024.jpeg\" alt=\"\" class=\"wp-image-3107\" width=\"426\" height=\"426\" srcset=\"https:\/\/www.rmsv-langenbrand.de\/wp-content\/uploads\/2023\/06\/AB46D9FD-4F56-43CB-8F89-9361D9852B3E-1024x1024.jpeg 1024w, https:\/\/www.rmsv-langenbrand.de\/wp-content\/uploads\/2023\/06\/AB46D9FD-4F56-43CB-8F89-9361D9852B3E-300x300.jpeg 300w, https:\/\/www.rmsv-langenbrand.de\/wp-content\/uploads\/2023\/06\/AB46D9FD-4F56-43CB-8F89-9361D9852B3E-150x150.jpeg 150w, https:\/\/www.rmsv-langenbrand.de\/wp-content\/uploads\/2023\/06\/AB46D9FD-4F56-43CB-8F89-9361D9852B3E-768x768.jpeg 768w, https:\/\/www.rmsv-langenbrand.de\/wp-content\/uploads\/2023\/06\/AB46D9FD-4F56-43CB-8F89-9361D9852B3E-1536x1536.jpeg 1536w, https:\/\/www.rmsv-langenbrand.de\/wp-content\/uploads\/2023\/06\/AB46D9FD-4F56-43CB-8F89-9361D9852B3E.jpeg 1920w\" sizes=\"auto, (max-width: 426px) 100vw, 426px\" \/><\/a><\/figure>\n\n\n\n<p>Am 04.06.2023 nahmen 6 RMSV Mitglieder, an einem Fahrsicherheitstraining f\u00fcr Motorr\u00e4der teil. Das Training wurde in Sandweier vom Motorradclub Baden Baden durchgef\u00fchrt.<\/p>\n\n\n\n<figure class=\"wp-block-image size-large\"><a href=\"https:\/\/www.rmsv-langenbrand.de\/wp-content\/uploads\/2023\/06\/E929554A-BDB7-4432-B2E0-9302520301E1.jpeg\"><img loading=\"lazy\" decoding=\"async\" width=\"1024\" height=\"1024\" src=\"https:\/\/www.rmsv-langenbrand.de\/wp-content\/uploads\/2023\/06\/E929554A-BDB7-4432-B2E0-9302520301E1-1024x1024.jpeg\" alt=\"\" class=\"wp-image-3108\" srcset=\"https:\/\/www.rmsv-langenbrand.de\/wp-content\/uploads\/2023\/06\/E929554A-BDB7-4432-B2E0-9302520301E1-1024x1024.jpeg 1024w, https:\/\/www.rmsv-langenbrand.de\/wp-content\/uploads\/2023\/06\/E929554A-BDB7-4432-B2E0-9302520301E1-300x300.jpeg 300w, https:\/\/www.rmsv-langenbrand.de\/wp-content\/uploads\/2023\/06\/E929554A-BDB7-4432-B2E0-9302520301E1-150x150.jpeg 150w, https:\/\/www.rmsv-langenbrand.de\/wp-content\/uploads\/2023\/06\/E929554A-BDB7-4432-B2E0-9302520301E1-768x768.jpeg 768w, https:\/\/www.rmsv-langenbrand.de\/wp-content\/uploads\/2023\/06\/E929554A-BDB7-4432-B2E0-9302520301E1-1536x1536.jpeg 1536w, https:\/\/www.rmsv-langenbrand.de\/wp-content\/uploads\/2023\/06\/E929554A-BDB7-4432-B2E0-9302520301E1.jpeg 2048w\" sizes=\"auto, (max-width: 1024px) 100vw, 1024px\" \/><\/a><\/figure>\n","protected":false},"excerpt":{"rendered":"<p>Motorradausfahrt 33 Bikes mit 37 Personen starteten zur 15. Ausfahrt des RMSV Gefahren wurde \u00fcber Besenfeld, Erzgrube, Pfalzgrafenweiler, Haiterbach nach Egenhausen. Dort legten wir eine Pause im Cafe Saur ein, um uns f\u00fcr die Weiterfahrt mit Kaffee, Kuchen und Kaltgetr\u00e4nken zu st\u00e4rken. Danach gings weiter \u00fcber Altensteig, Aichhalden, Enzkl\u00f6sterle, Wildbad, <a class=\"more-link\" href=\"https:\/\/www.rmsv-langenbrand.de\/?page_id=3103\">Weiterlesen<\/a><\/p>\n","protected":false},"author":5,"featured_media":0,"parent":0,"menu_order":0,"comment_status":"closed","ping_status":"closed","template":"","meta":{"ngg_post_thumbnail":0,"footnotes":""},"class_list":["post-3103","page","type-page","status-publish","hentry"],"_links":{"self":[{"href":"https:\/\/www.rmsv-langenbrand.de\/index.php?rest_route=\/wp\/v2\/pages\/3103","targetHints":{"allow":["GET"]}}],"collection":[{"href":"https:\/\/www.rmsv-langenbrand.de\/index.php?rest_route=\/wp\/v2\/pages"}],"about":[{"href":"https:\/\/www.rmsv-langenbrand.de\/index.php?rest_route=\/wp\/v2\/types\/page"}],"author":[{"embeddable":true,"href":"https:\/\/www.rmsv-langenbrand.de\/index.php?rest_route=\/wp\/v2\/users\/5"}],"replies":[{"embeddable":true,"href":"https:\/\/www.rmsv-langenbrand.de\/index.php?rest_route=%2Fwp%2Fv2%2Fcomments&post=3103"}],"version-history":[{"count":3,"href":"https:\/\/www.rmsv-langenbrand.de\/index.php?rest_route=\/wp\/v2\/pages\/3103\/revisions"}],"predecessor-version":[{"id":3256,"href":"https:\/\/www.rmsv-langenbrand.de\/index.php?rest_route=\/wp\/v2\/pages\/3103\/revisions\/3256"}],"wp:attachment":[{"href":"https:\/\/www.rmsv-langenbrand.de\/index.php?rest_route=%2Fwp%2Fv2%2Fmedia&parent=3103"}],"curies":[{"name":"wp","href":"https:\/\/api.w.org\/{rel}","templated":true}]}}