{"id":2846,"date":"2022-12-27T21:45:57","date_gmt":"2022-12-27T20:45:57","guid":{"rendered":"http:\/\/www.rmsv-langenbrand.de\/?page_id=2846"},"modified":"2022-12-29T11:45:51","modified_gmt":"2022-12-29T10:45:51","slug":"berichte-saison-2020","status":"publish","type":"page","link":"https:\/\/www.rmsv-langenbrand.de\/?page_id=2846","title":{"rendered":"Berichte Saison 2020"},"content":{"rendered":"\n<p><strong>RMSV Sportler fahren bei \u201eCross im Park\u201c<\/strong><\/p>\n\n\n\n<p>Am Sonntag den 18.10.2020 fand in Klostereichenbach ein Cross-Rennen statt, an welchem der RMSV mit 4 Sportlern teilnahm. Unter dem Namen \u201eCross im Park\u201c drehten die Sportler mit ihren R\u00e4dern ihre Runden im Klosterreichenbacher Kurpark. Um 10:40Uhr starteten mit Marco Kr\u00e4mer, Nico van Himbergen und Manuel Sch\u00e4fer die ersten RMSV Fahrer im Hobbyrennen ins Renngeschehen.<\/p>\n\n\n\n<p>Das Hobbyrennen bestritten 36 Teilnehmer die Renndauer betrug 30&nbsp;Minuten, hier wurden 6 Runden mit circa 1,5km gefahren.<\/p>\n\n\n\n<p>Manuel Sch\u00e4fer kam auf Platz 7, dicht gefolgt von Nico van Himbergen auf Platz 8 ins Ziel. Marco Kr\u00e4mer fuhr auf Platz 17, alle drei zeigten eine starke Leistung und sind mit ihren Platzierungen sehr zufrieden.<\/p>\n\n\n\n<p>Am Nachmittag beim Herren Elite Rennen ging es dann f\u00fcr Benjamin Merkel zur Sache. Das stark besetzte Fahrerfeld machte von Beginn an Tempo. Benjamin kam mit jeder Runde besser ins Rennen und konnte mehrere Fahrer einholen. Nach 60 Minuten \u00fcberquerte Benjamin die Ziellinie auf einem sehr sehr starken 5. Platz.<\/p>\n\n\n\n<p>Alles in allem ein sehr guter Tag f\u00fcr die RMSV Fahrer.<\/p>\n\n\n\n<figure class=\"wp-block-image size-full\"><a href=\"https:\/\/www.rmsv-langenbrand.de\/wp-content\/uploads\/2022\/12\/Cross-im-Park.jpg\"><img loading=\"lazy\" decoding=\"async\" width=\"960\" height=\"540\" src=\"https:\/\/www.rmsv-langenbrand.de\/wp-content\/uploads\/2022\/12\/Cross-im-Park.jpg\" alt=\"\" class=\"wp-image-2850\" srcset=\"https:\/\/www.rmsv-langenbrand.de\/wp-content\/uploads\/2022\/12\/Cross-im-Park.jpg 960w, https:\/\/www.rmsv-langenbrand.de\/wp-content\/uploads\/2022\/12\/Cross-im-Park-300x169.jpg 300w, https:\/\/www.rmsv-langenbrand.de\/wp-content\/uploads\/2022\/12\/Cross-im-Park-768x432.jpg 768w\" sizes=\"auto, (max-width: 960px) 100vw, 960px\" \/><\/a><\/figure>\n\n\n\n<p><\/p>\n\n\n\n<p><strong>Manuel Sch\u00e4fer erfolgreich beim Mesa Parts Trail Hero<\/strong><\/p>\n\n\n\n<p>Am vergangenen Sonntag den 27.09.2020, startete RMSV-Fahrer Manuel Sch\u00e4fer beim Mesa Parts Trail Hero, einem Mountainbike Marathon in Titisee-Neustadt. Wie der Name schon sagt, versprach das Rennen Trails vom Feinsten. Manuel startete auf der 20 Kilometer langen Kurzdistanz, mit 60% Trailanteil galt es 600 H\u00f6henmeter zu bew\u00e4ltigen. Bei 4 Grad Au\u00dfentemperatur startete um 11 Uhr das Rennen an der Hochfirstschanze in Neustadt.&nbsp;Manuel konnte sich gleich auf den ersten Kliometern mit den Lizenzfahrern vom Hauptfeld absetzen und so ging es f\u00fcr ihn mit der Spitzengruppe hoch rauf auf den Hochfirst. Auf den durch den starken Regen nochmals mehr technischanspruchsvolleren Abfahrten wurde diese Gruppe auseinander gerissen und so fand sich Manuel in einer zwei k\u00f6pfigen Verfolgergruppe wieder. Die letzten 6 Kilometer des Rennens waren sehr knackig, immer wieder waren kurze Steile Anstiege zu bew\u00e4ltigen. Hierbei konnte sich Manuel immer wieder von seinem Kontrahenten absetzten und letztendlich das Rennen in 1:09h in der Hobbyklasse gewinnen.<\/p>\n\n\n\n<p>Manuel selbst meinte zum Rennen: \u201eIch hatte heute einen guten Tag, die vielen Bergaufpassagen kamen mir sehr entgegen, hier konnte ich mit den anderen Jungs gleich zu Beginn eine gro\u00dfe L\u00fccke rei\u00dfen. Ich freue mich jetzt sehr \u00fcber den Sieg, wir mussten durch Corona ja alle lange auf die ersten Rennen warten.<\/p>\n\n\n\n<figure class=\"wp-block-gallery has-nested-images columns-default is-cropped wp-block-gallery-1 is-layout-flex wp-block-gallery-is-layout-flex\">\n<figure class=\"wp-block-image size-large\"><a href=\"https:\/\/www.rmsv-langenbrand.de\/wp-content\/uploads\/2022\/12\/trail-hype-2.jpg\"><img loading=\"lazy\" decoding=\"async\" width=\"960\" height=\"640\" data-id=\"2853\" src=\"https:\/\/www.rmsv-langenbrand.de\/wp-content\/uploads\/2022\/12\/trail-hype-2.jpg\" alt=\"\" class=\"wp-image-2853\" srcset=\"https:\/\/www.rmsv-langenbrand.de\/wp-content\/uploads\/2022\/12\/trail-hype-2.jpg 960w, https:\/\/www.rmsv-langenbrand.de\/wp-content\/uploads\/2022\/12\/trail-hype-2-300x200.jpg 300w, https:\/\/www.rmsv-langenbrand.de\/wp-content\/uploads\/2022\/12\/trail-hype-2-768x512.jpg 768w\" sizes=\"auto, (max-width: 960px) 100vw, 960px\" \/><\/a><\/figure>\n\n\n\n<figure class=\"wp-block-image size-large\"><a href=\"https:\/\/www.rmsv-langenbrand.de\/wp-content\/uploads\/2022\/12\/trail-hype1.jpg\"><img loading=\"lazy\" decoding=\"async\" width=\"720\" height=\"960\" data-id=\"2852\" src=\"https:\/\/www.rmsv-langenbrand.de\/wp-content\/uploads\/2022\/12\/trail-hype1.jpg\" alt=\"\" class=\"wp-image-2852\" srcset=\"https:\/\/www.rmsv-langenbrand.de\/wp-content\/uploads\/2022\/12\/trail-hype1.jpg 720w, https:\/\/www.rmsv-langenbrand.de\/wp-content\/uploads\/2022\/12\/trail-hype1-225x300.jpg 225w\" sizes=\"auto, (max-width: 720px) 100vw, 720px\" \/><\/a><\/figure>\n<\/figure>\n","protected":false},"excerpt":{"rendered":"<p>RMSV Sportler fahren bei \u201eCross im Park\u201c Am Sonntag den 18.10.2020 fand in Klostereichenbach ein Cross-Rennen statt, an welchem der RMSV mit 4 Sportlern teilnahm. Unter dem Namen \u201eCross im Park\u201c drehten die Sportler mit ihren R\u00e4dern ihre Runden im Klosterreichenbacher Kurpark. Um 10:40Uhr starteten mit Marco Kr\u00e4mer, Nico van <a class=\"more-link\" href=\"https:\/\/www.rmsv-langenbrand.de\/?page_id=2846\">Weiterlesen<\/a><\/p>\n","protected":false},"author":5,"featured_media":0,"parent":0,"menu_order":0,"comment_status":"closed","ping_status":"closed","template":"","meta":{"ngg_post_thumbnail":0,"footnotes":""},"class_list":["post-2846","page","type-page","status-publish","hentry"],"_links":{"self":[{"href":"https:\/\/www.rmsv-langenbrand.de\/index.php?rest_route=\/wp\/v2\/pages\/2846","targetHints":{"allow":["GET"]}}],"collection":[{"href":"https:\/\/www.rmsv-langenbrand.de\/index.php?rest_route=\/wp\/v2\/pages"}],"about":[{"href":"https:\/\/www.rmsv-langenbrand.de\/index.php?rest_route=\/wp\/v2\/types\/page"}],"author":[{"embeddable":true,"href":"https:\/\/www.rmsv-langenbrand.de\/index.php?rest_route=\/wp\/v2\/users\/5"}],"replies":[{"embeddable":true,"href":"https:\/\/www.rmsv-langenbrand.de\/index.php?rest_route=%2Fwp%2Fv2%2Fcomments&post=2846"}],"version-history":[{"count":4,"href":"https:\/\/www.rmsv-langenbrand.de\/index.php?rest_route=\/wp\/v2\/pages\/2846\/revisions"}],"predecessor-version":[{"id":2869,"href":"https:\/\/www.rmsv-langenbrand.de\/index.php?rest_route=\/wp\/v2\/pages\/2846\/revisions\/2869"}],"wp:attachment":[{"href":"https:\/\/www.rmsv-langenbrand.de\/index.php?rest_route=%2Fwp%2Fv2%2Fmedia&parent=2846"}],"curies":[{"name":"wp","href":"https:\/\/api.w.org\/{rel}","templated":true}]}}