{"id":2804,"date":"2022-12-27T21:16:44","date_gmt":"2022-12-27T20:16:44","guid":{"rendered":"http:\/\/www.rmsv-langenbrand.de\/?page_id=2804"},"modified":"2022-12-27T21:42:43","modified_gmt":"2022-12-27T20:42:43","slug":"berichte-saison-2021","status":"publish","type":"page","link":"https:\/\/www.rmsv-langenbrand.de\/?page_id=2804","title":{"rendered":"Berichte Saison 2021"},"content":{"rendered":"\n<p><strong>Rennsaison 2021<\/strong><\/p>\n\n\n\n<p>Nat\u00fcrlich sind wir beim RMSV dieses Jahr nicht auf der faulen Haut gelegen. Denn nach dem Corona Jahr 2020 fanden im Jahr 2021 endlich wieder Radrennen statt. Nach einer langen Vorbereitungsphase, in der ordentlich Kilometer gesammelt wurden, konnte unser Fahrer Manuel Sch\u00e4fer am 31.07.21 bei der Nordschwarzwald Trophy erfolgreich in die Saison starten. Der Saisonauftakt \u00fcber die 25km lange Kurzdistanz in Sch\u00f6mberg gl\u00fcckte gleich und so gelang es Manuel auf den <a><\/a>dritten Platz zu fahren. Schon eine Woche sp\u00e4ter ging es f\u00fcr ihn zusammen mit Tobias Spissinger zum Saisonhighlight, dem 4-Tages-Etappenrennen Rothaus Bike Giro. Dieser fand zwischen dem 05.08-08.08.21, bei schwierigen Wetterbedingungen, in den Etappenorten Grafenhausen und Notschrei statt. Unsere Jungs mussten hier eine Strecke von 255km und 7000hm durch den Hochschwarzwald bew\u00e4ltigen.<\/p>\n\n\n\n<p>Am 29.08.2021 startete Manuel mit seinem Rennrad bei der Jedermanntour, welche im Rahmen der Deutschlandtour in N\u00fcrnberg stattfand. Auf der 110km langen Strecke, quer durch die Fr\u00e4nkische Schweiz, fuhr er als 61. von 1073 Teilnehmern \u00fcber die Ziellinie.<\/p>\n\n\n\n<p>Nach dem kurzen Abstecher auf dem Rennrad stand am 12.09.21 der Schwarzwald Bike Marathon in Furtwangen an, wo Manuel auf der 40km Runde Platz sechs in der Hauptklasse erreichte.<\/p>\n\n\n\n<p>Zum Saisonabschluss ging es am 04.10.21 zur Albgold-Trophy nach M\u00fcnsingen und am 10.10.21 nach Singen zum Hegau Bike Marathon. Hier verfehlte Manuel das Podium leider jeweils nur um Sekunden und kam auf dem vierten Platz ins Ziel. Zusammenfassend war dies eine gute Saison, in der man den n\u00e4chsten Schritt machen konnte und auf der sich n\u00e4chstes Jahr aufbauen l\u00e4sst. Vielen Dank f\u00fcr die Unterst\u00fctzung in diesem Jahr, wir fiebern schon wieder der neuen Saison entgegen.<\/p>\n\n\n\n<figure class=\"wp-block-gallery has-nested-images columns-default is-cropped wp-block-gallery-1 is-layout-flex wp-block-gallery-is-layout-flex\">\n<figure class=\"wp-block-image size-large\"><a href=\"https:\/\/www.rmsv-langenbrand.de\/wp-content\/uploads\/2022\/12\/7263_20210807_134259_197649076_socialmedia.jpg\"><img loading=\"lazy\" decoding=\"async\" width=\"1200\" height=\"799\" data-id=\"2836\" src=\"https:\/\/www.rmsv-langenbrand.de\/wp-content\/uploads\/2022\/12\/7263_20210807_134259_197649076_socialmedia.jpg\" alt=\"\" class=\"wp-image-2836\" srcset=\"https:\/\/www.rmsv-langenbrand.de\/wp-content\/uploads\/2022\/12\/7263_20210807_134259_197649076_socialmedia.jpg 1200w, https:\/\/www.rmsv-langenbrand.de\/wp-content\/uploads\/2022\/12\/7263_20210807_134259_197649076_socialmedia-300x200.jpg 300w, https:\/\/www.rmsv-langenbrand.de\/wp-content\/uploads\/2022\/12\/7263_20210807_134259_197649076_socialmedia-1024x682.jpg 1024w, https:\/\/www.rmsv-langenbrand.de\/wp-content\/uploads\/2022\/12\/7263_20210807_134259_197649076_socialmedia-768x511.jpg 768w\" sizes=\"auto, (max-width: 1200px) 100vw, 1200px\" \/><\/a><\/figure>\n\n\n\n<figure class=\"wp-block-image size-large\"><a href=\"https:\/\/www.rmsv-langenbrand.de\/wp-content\/uploads\/2022\/12\/7263_20210808_103631_197655615_socialmedia.jpg\"><img loading=\"lazy\" decoding=\"async\" width=\"1200\" height=\"800\" data-id=\"2837\" src=\"https:\/\/www.rmsv-langenbrand.de\/wp-content\/uploads\/2022\/12\/7263_20210808_103631_197655615_socialmedia.jpg\" alt=\"\" class=\"wp-image-2837\" srcset=\"https:\/\/www.rmsv-langenbrand.de\/wp-content\/uploads\/2022\/12\/7263_20210808_103631_197655615_socialmedia.jpg 1200w, https:\/\/www.rmsv-langenbrand.de\/wp-content\/uploads\/2022\/12\/7263_20210808_103631_197655615_socialmedia-300x200.jpg 300w, https:\/\/www.rmsv-langenbrand.de\/wp-content\/uploads\/2022\/12\/7263_20210808_103631_197655615_socialmedia-1024x683.jpg 1024w, https:\/\/www.rmsv-langenbrand.de\/wp-content\/uploads\/2022\/12\/7263_20210808_103631_197655615_socialmedia-768x512.jpg 768w\" sizes=\"auto, (max-width: 1200px) 100vw, 1200px\" \/><\/a><\/figure>\n<\/figure>\n\n\n\n<p><\/p>\n\n\n\n<p><strong>Manuel Sch\u00e4fer f\u00e4hrt bei der Nordschwarzwald Trophy aufs Podest.<\/strong><\/p>\n\n\n\n<p>Beim Sasionstart in Sch\u00f6mberg wird Manuel auf der Kurzdistanz Dritter. Schon am Donnerstag geht es f\u00fcr ihn und Tobias Spissinger weiter, denn da stehen sie beim Rothaus Bike Giro am Start.<\/p>\n\n\n\n<figure class=\"wp-block-gallery has-nested-images columns-default is-cropped wp-block-gallery-2 is-layout-flex wp-block-gallery-is-layout-flex\">\n<figure class=\"wp-block-image size-large\"><a href=\"https:\/\/www.rmsv-langenbrand.de\/wp-content\/uploads\/2022\/12\/schoemberg.jpg\"><img loading=\"lazy\" decoding=\"async\" width=\"828\" height=\"546\" data-id=\"2838\" src=\"https:\/\/www.rmsv-langenbrand.de\/wp-content\/uploads\/2022\/12\/schoemberg.jpg\" alt=\"\" class=\"wp-image-2838\" srcset=\"https:\/\/www.rmsv-langenbrand.de\/wp-content\/uploads\/2022\/12\/schoemberg.jpg 828w, https:\/\/www.rmsv-langenbrand.de\/wp-content\/uploads\/2022\/12\/schoemberg-300x198.jpg 300w, https:\/\/www.rmsv-langenbrand.de\/wp-content\/uploads\/2022\/12\/schoemberg-768x506.jpg 768w\" sizes=\"auto, (max-width: 828px) 100vw, 828px\" \/><\/a><\/figure>\n<\/figure>\n","protected":false},"excerpt":{"rendered":"<p>Rennsaison 2021 Nat\u00fcrlich sind wir beim RMSV dieses Jahr nicht auf der faulen Haut gelegen. Denn nach dem Corona Jahr 2020 fanden im Jahr 2021 endlich wieder Radrennen statt. Nach einer langen Vorbereitungsphase, in der ordentlich Kilometer gesammelt wurden, konnte unser Fahrer Manuel Sch\u00e4fer am 31.07.21 bei der Nordschwarzwald Trophy <a class=\"more-link\" href=\"https:\/\/www.rmsv-langenbrand.de\/?page_id=2804\">Weiterlesen<\/a><\/p>\n","protected":false},"author":5,"featured_media":0,"parent":0,"menu_order":0,"comment_status":"closed","ping_status":"closed","template":"","meta":{"ngg_post_thumbnail":0,"footnotes":""},"class_list":["post-2804","page","type-page","status-publish","hentry"],"_links":{"self":[{"href":"https:\/\/www.rmsv-langenbrand.de\/index.php?rest_route=\/wp\/v2\/pages\/2804","targetHints":{"allow":["GET"]}}],"collection":[{"href":"https:\/\/www.rmsv-langenbrand.de\/index.php?rest_route=\/wp\/v2\/pages"}],"about":[{"href":"https:\/\/www.rmsv-langenbrand.de\/index.php?rest_route=\/wp\/v2\/types\/page"}],"author":[{"embeddable":true,"href":"https:\/\/www.rmsv-langenbrand.de\/index.php?rest_route=\/wp\/v2\/users\/5"}],"replies":[{"embeddable":true,"href":"https:\/\/www.rmsv-langenbrand.de\/index.php?rest_route=%2Fwp%2Fv2%2Fcomments&post=2804"}],"version-history":[{"count":2,"href":"https:\/\/www.rmsv-langenbrand.de\/index.php?rest_route=\/wp\/v2\/pages\/2804\/revisions"}],"predecessor-version":[{"id":2839,"href":"https:\/\/www.rmsv-langenbrand.de\/index.php?rest_route=\/wp\/v2\/pages\/2804\/revisions\/2839"}],"wp:attachment":[{"href":"https:\/\/www.rmsv-langenbrand.de\/index.php?rest_route=%2Fwp%2Fv2%2Fmedia&parent=2804"}],"curies":[{"name":"wp","href":"https:\/\/api.w.org\/{rel}","templated":true}]}}