{"id":226,"date":"2016-04-27T20:38:19","date_gmt":"2016-04-27T18:38:19","guid":{"rendered":"http:\/\/www.rmsv-langenbrand.de\/?page_id=226"},"modified":"2022-07-18T23:24:49","modified_gmt":"2022-07-18T21:24:49","slug":"sponsoren","status":"publish","type":"page","link":"https:\/\/www.rmsv-langenbrand.de\/?page_id=226","title":{"rendered":"Sponsoren"},"content":{"rendered":"\n<p>Wir danken unseren Sponsoren f\u00fcr die gro\u00dfz\u00fcgige Unterst\u00fctzung.\u00a0<\/p>\n\n\n\n<figure class=\"wp-block-image size-large\"><a href=\"https:\/\/www.rmsv-langenbrand.de\/wp-content\/uploads\/2022\/07\/Sponsoren_2022.jpg\"><img loading=\"lazy\" decoding=\"async\" width=\"507\" height=\"1024\" src=\"https:\/\/www.rmsv-langenbrand.de\/wp-content\/uploads\/2022\/07\/Sponsoren_2022-507x1024.jpg\" alt=\"\" class=\"wp-image-2764\" srcset=\"https:\/\/www.rmsv-langenbrand.de\/wp-content\/uploads\/2022\/07\/Sponsoren_2022-507x1024.jpg 507w, https:\/\/www.rmsv-langenbrand.de\/wp-content\/uploads\/2022\/07\/Sponsoren_2022-149x300.jpg 149w, https:\/\/www.rmsv-langenbrand.de\/wp-content\/uploads\/2022\/07\/Sponsoren_2022.jpg 616w\" sizes=\"auto, (max-width: 507px) 100vw, 507px\" \/><\/a><\/figure>\n","protected":false},"excerpt":{"rendered":"<p>Wir danken unseren Sponsoren f\u00fcr die gro\u00dfz\u00fcgige Unterst\u00fctzung.\u00a0<\/p>\n","protected":false},"author":1,"featured_media":0,"parent":0,"menu_order":0,"comment_status":"closed","ping_status":"closed","template":"","meta":{"ngg_post_thumbnail":0,"footnotes":""},"class_list":["post-226","page","type-page","status-publish","hentry"],"_links":{"self":[{"href":"https:\/\/www.rmsv-langenbrand.de\/index.php?rest_route=\/wp\/v2\/pages\/226","targetHints":{"allow":["GET"]}}],"collection":[{"href":"https:\/\/www.rmsv-langenbrand.de\/index.php?rest_route=\/wp\/v2\/pages"}],"about":[{"href":"https:\/\/www.rmsv-langenbrand.de\/index.php?rest_route=\/wp\/v2\/types\/page"}],"author":[{"embeddable":true,"href":"https:\/\/www.rmsv-langenbrand.de\/index.php?rest_route=\/wp\/v2\/users\/1"}],"replies":[{"embeddable":true,"href":"https:\/\/www.rmsv-langenbrand.de\/index.php?rest_route=%2Fwp%2Fv2%2Fcomments&post=226"}],"version-history":[{"count":12,"href":"https:\/\/www.rmsv-langenbrand.de\/index.php?rest_route=\/wp\/v2\/pages\/226\/revisions"}],"predecessor-version":[{"id":2766,"href":"https:\/\/www.rmsv-langenbrand.de\/index.php?rest_route=\/wp\/v2\/pages\/226\/revisions\/2766"}],"wp:attachment":[{"href":"https:\/\/www.rmsv-langenbrand.de\/index.php?rest_route=%2Fwp%2Fv2%2Fmedia&parent=226"}],"curies":[{"name":"wp","href":"https:\/\/api.w.org\/{rel}","templated":true}]}}