{"id":207,"date":"2016-04-27T20:23:45","date_gmt":"2016-04-27T18:23:45","guid":{"rendered":"http:\/\/www.rmsv-langenbrand.de\/?page_id=207"},"modified":"2025-06-08T09:39:02","modified_gmt":"2025-06-08T07:39:02","slug":"ausschreibung","status":"publish","type":"page","link":"https:\/\/www.rmsv-langenbrand.de\/?page_id=207","title":{"rendered":"Ausschreibung"},"content":{"rendered":"\n<p>Die Durchf\u00fchrung der Rennen erfolgt gem\u00e4\u00df der <a href=\"https:\/\/static.rad-net.de\/html\/verwaltung\/reglements\/wb-mtb_2022.pdf\">Wettkampfbestimmungen des BDR\/MTB 2022<\/a>.<\/p>\n\n\n\n<p><strong>Teilnehmer:<\/strong><br>Teilnahmeberechtigt sind alle m\u00e4nnlichen und weiblichen Lizenz- (LVO) und Hobbyfahrer, f\u00fcr die Rennen vorgesehen sind. F\u00fcr alle Teilnehmer besteht Helmpflicht, das Tragen von Handschuhen wird empfohlen.<\/p>\n\n\n\n<p><strong>Fahrr\u00e4der:<\/strong><br>Zugelassen sind alle MTBs mit einer Reifenbreite von mindestens 1,50&#8221; in technisch einwandfreiem Zustand ohne elektrischem Antrieb. <\/p>\n\n\n\n<p><strong>Haftungsausschluss:<\/strong><br>Der Veranstalter haftet nicht f\u00fcr Sch\u00e4den, die durch Fahrl\u00e4ssigkeit oder grobe Fahrl\u00e4ssigkeit entstehen. Jeder Teilnehmer erkennt den Haftungsausschluss durch seine Unterschrift bzw. die Teilnahme am Wettbewerb an. Bei der Teilnahme an allen Veranstaltungen besteht Helmpflicht. Der Teilnehmer ist f\u00fcr den technisch einwandfreien Zustand seines Sportger\u00e4tes verantwortlich. Unsportliches Verhalten kann zum Ausschluss f\u00fchren.<br><br>Der Teilnehmer erteilt mit seiner Unterschrift das Einverst\u00e4ndnis, dass die Ergebnisse mit Namen, UCI Code (sofern vorhanden), Jahrgang, Sponsor und Verein, und die Bilder vom Renngeschehen in der Presse und im Internet ver\u00f6ffentlicht werden d\u00fcrfen.<br><br>Bei Personen unter 18 Jahren ist f\u00fcr die Anmeldung die Unterschrift eines Erziehungsberechtigten oder eine Einverst\u00e4ndniserkl\u00e4rung erforderlich.<\/p>\n\n\n\n<p>Hier finden Sie die offizielle Ausschreibung der Bike Session 2025 von <a href=\"https:\/\/www.rad-net.de\/rad-net-portal\/rad-net-ausschreibungen.htm?url=%2Fmodules.php%3Fname%3DAusschreibung%26extsearch%3D1%26pgID_Veranstaltung%3D9%26ID_Veranstaltung%3D40845%26mode%3Dascr_detail%26typ%3Di&amp;url_hash=t99y7jkTRIvHqm53DYxKmdpzPtgGgyyajnDSG0tS5zg\">rad-net.de<\/a>:<\/p>\n\n\n\n<p><\/p>\n","protected":false},"excerpt":{"rendered":"<p>Die Durchf\u00fchrung der Rennen erfolgt gem\u00e4\u00df der Wettkampfbestimmungen des BDR\/MTB 2022. Teilnehmer:Teilnahmeberechtigt sind alle m\u00e4nnlichen und weiblichen Lizenz- (LVO) und Hobbyfahrer, f\u00fcr die Rennen vorgesehen sind. F\u00fcr alle Teilnehmer besteht Helmpflicht, das Tragen von Handschuhen wird empfohlen. Fahrr\u00e4der:Zugelassen sind alle MTBs mit einer Reifenbreite von mindestens 1,50&#8221; in technisch einwandfreiem <a class=\"more-link\" href=\"https:\/\/www.rmsv-langenbrand.de\/?page_id=207\">Weiterlesen<\/a><\/p>\n","protected":false},"author":1,"featured_media":0,"parent":0,"menu_order":0,"comment_status":"closed","ping_status":"closed","template":"","meta":{"ngg_post_thumbnail":0,"footnotes":""},"class_list":["post-207","page","type-page","status-publish","hentry"],"_links":{"self":[{"href":"https:\/\/www.rmsv-langenbrand.de\/index.php?rest_route=\/wp\/v2\/pages\/207","targetHints":{"allow":["GET"]}}],"collection":[{"href":"https:\/\/www.rmsv-langenbrand.de\/index.php?rest_route=\/wp\/v2\/pages"}],"about":[{"href":"https:\/\/www.rmsv-langenbrand.de\/index.php?rest_route=\/wp\/v2\/types\/page"}],"author":[{"embeddable":true,"href":"https:\/\/www.rmsv-langenbrand.de\/index.php?rest_route=\/wp\/v2\/users\/1"}],"replies":[{"embeddable":true,"href":"https:\/\/www.rmsv-langenbrand.de\/index.php?rest_route=%2Fwp%2Fv2%2Fcomments&post=207"}],"version-history":[{"count":22,"href":"https:\/\/www.rmsv-langenbrand.de\/index.php?rest_route=\/wp\/v2\/pages\/207\/revisions"}],"predecessor-version":[{"id":3710,"href":"https:\/\/www.rmsv-langenbrand.de\/index.php?rest_route=\/wp\/v2\/pages\/207\/revisions\/3710"}],"wp:attachment":[{"href":"https:\/\/www.rmsv-langenbrand.de\/index.php?rest_route=%2Fwp%2Fv2%2Fmedia&parent=207"}],"curies":[{"name":"wp","href":"https:\/\/api.w.org\/{rel}","templated":true}]}}