{"id":101,"date":"2015-07-15T20:41:39","date_gmt":"2015-07-15T18:41:39","guid":{"rendered":"http:\/\/www.rmsv-langenbrand.de\/?page_id=101"},"modified":"2025-06-07T14:39:48","modified_gmt":"2025-06-07T12:39:48","slug":"bergrennen","status":"publish","type":"page","link":"https:\/\/www.rmsv-langenbrand.de\/?page_id=101","title":{"rendered":"Langenbrander Bike Session 2025"},"content":{"rendered":"<div style=\"text-align: left;\" data-block=\"true\" data-editor=\"c5tlg\" data-offset-key=\"87v0g-0-0\">\n<div data-offset-key=\"87v0g-0-0\"><strong>Ergebnisse unter <a href=\"https:\/\/www.mpdv-cup.de\/Ergebnisse.php\">https:\/\/www.mpdv-cup.de\/Ergebnisse.php<\/a><\/strong><\/div>\n<div data-offset-key=\"87v0g-0-0\">&nbsp;<\/div>\n<div data-offset-key=\"87v0g-0-0\">&nbsp;<\/div>\n<div data-offset-key=\"87v0g-0-0\"><span data-offset-key=\"87v0g-0-0\"><span data-offset-key=\"87v0g-0-0\">Am Sonntag, den 20.07.2025, findet wieder die Langenbrander Bike Session statt. Ausgetragen werden Cross-Country Rennen in den Nachwuchsklassen U11 &#8211; U17, sowie ein Jedermann Stundenrennen f\u00fcr alle Altersklassen ab U19. Die Bike Session findet im Rahmen des Berg &amp; Bike Cups statt.<br \/><\/span><\/span><\/p>\n<p>&nbsp;<\/p>\n<div data-block=\"true\" data-editor=\"c5tlg\" data-offset-key=\"87v0g-0-0\">\n<div data-offset-key=\"87v0g-0-0\">&nbsp;<\/div>\n<div data-offset-key=\"87v0g-0-0\">Die Rundstrecke mit Start und Ziel an der Festhalle Langenbrand verl\u00e4uft auf befestigten Feld- und Wiesenwegen und ist auch f\u00fcr Einsteiger geeignet.<\/div>\n<\/div>\n<\/div>\n<div data-offset-key=\"87v0g-0-0\">&nbsp;<\/div>\n<div data-offset-key=\"87v0g-0-0\"><span data-offset-key=\"87v0g-0-0\">Auch ein Kinderrennen f\u00fcr U7 und U9 auf einer kurzen Strecke rund um die Festhalle wird angeboten.<\/span><\/div>\n<div data-offset-key=\"87v0g-0-0\"><span data-offset-key=\"87v0g-0-0\"> &nbsp; <\/span><\/div>\n<div data-offset-key=\"87v0g-0-0\">Die Anmeldung erfolgt online bis zum 18.07.25 \u00fcber <a href=\"https:\/\/www.mpdv-cup.de\/index.php\">https:\/\/www.mpdv-cup.de\/index.php<\/a> . Nachmeldungen sind am Renntag bis 1h vor dem Start des jeweiligen Rennens m\u00f6glich.&nbsp;<\/div>\n<div data-offset-key=\"87v0g-0-0\">&nbsp;<\/div>\n<\/div>\n<div style=\"text-align: left;\" data-block=\"true\" data-editor=\"c5tlg\" data-offset-key=\"cs3cp-0-0\">\n<div data-offset-key=\"cs3cp-0-0\">Start, Ziel, Anmeldung und Parken bei der Festhalle Langenbrand, S\u00e4gm\u00fchlstra\u00dfe 1, 76596 Forbach.<\/div>\n<\/div>\n<div data-block=\"true\" data-editor=\"c5tlg\" data-offset-key=\"5bf7r-0-0\">\n<div style=\"text-align: left;\" data-offset-key=\"5bf7r-0-0\">&nbsp;<\/div>\n<\/div>\n\n\n<figure class=\"wp-block-table aligncenter\"><table class=\"has-fixed-layout\"><tbody><tr><td><strong>Rennen<\/strong><\/td><td><strong>Startzeit<\/strong><\/td><td><strong>Startklasse<\/strong><\/td><td><strong>Strecke \/ H\u00f6hendifferenz<\/strong><\/td><td><strong>Startgeld \/ Nachmeldung<\/strong><\/td><\/tr><tr><td><\/td><td>8:00<\/td><td>Startnummerausgabe<\/td><td><\/td><td><\/td><\/tr><tr><td>T.1<\/td><td>9:30<\/td><td>Technik U11, m\/w, H\/L<\/td><td><\/td><td><\/td><\/tr><tr><td>T.2<\/td><td>9:30<\/td><td>Technik U13, m\/w, H\/L<\/td><td><\/td><td><\/td><\/tr><tr><td>T.3<\/td><td>10:00<\/td><td>Technik U15, m\/w, H\/L<\/td><td><\/td><td><\/td><\/tr><tr><td>1<\/td><td>10:30<\/td><td>XC U11, m\/w, H\/L<\/td><td>3,6 km \/ 120 Hm<\/td><td>5 \u20ac \/ 5 \u20ac<\/td><\/tr><tr><td>2<\/td><td>11:00<\/td><td>XC U13, m\/w, H\/L<\/td><td>4,8 km \/ 180 Hm<\/td><td>7 \u20ac \/ 5 \u20ac<\/td><\/tr><tr><td>3<\/td><td>11:45<\/td><td>XC U15, m\/w, H\/L<\/td><td>9,6 km \/ 400 Hm<\/td><td>7 \u20ac \/ 5 \u20ac<\/td><\/tr><tr><td>4<\/td><td>12:30<\/td><td>XC U9 m\/w<\/td><td>1,5 km \/ 30 Hm<\/td><td>5 \u20ac <\/td><\/tr><tr><td>5<\/td><td>12:45<\/td><td>Fahrrad und Laufrad U7 m\/w<\/td><td>0,5 km \/ 0 Hm<\/td><td>5 \u20ac <\/td><\/tr><tr><td><\/td><td>13:30<\/td><td>Siegerehrung<\/td><td><\/td><td><\/td><\/tr><tr><td>6<\/td><td>14:30<\/td><td>XC U17 m\/w, H\/L<\/td><td>12,0 km \/ 500 Hm<\/td><td>10 \u20ac \/ 5 \u20ac<\/td><\/tr><tr><td>7.1<\/td><td>15:30<\/td><td>XC U19 m\/w, H\/L<\/td><td>1h Rennen*<\/td><td>12 \u20ac \/ 10 \u20ac<\/td><\/tr><tr><td>7.2<\/td><td>15:30<\/td><td>Herren, Damen, H\/L<\/td><td>1h Rennen*<\/td><td>19 \u20ac \/ 10 \u20ac<\/td><\/tr><tr><td>7.3<\/td><td>15:30<\/td><td>Seniorinne, Senioren I+II, H<\/td><td>1h Rennen*<\/td><td>19 \u20ac \/ 10 \u20ac<\/td><\/tr><tr><td><\/td><td>17:00<\/td><td>Siegerehrung <\/td><td><\/td><td><\/td><\/tr><\/tbody><\/table><figcaption class=\"wp-element-caption\">*Nach Ablauf der Renndauer von einer Stunde ist das Rennen beendet. Gewonnen hat jeweils die Sportlerin\/ der Sportler, welche innerhalb der zu fahrenden Zeit von einer Stunde die meisten Runden f\u00e4hrt. Angefangene Runden werden nicht gez\u00e4hlt. Haben Mehrere Sportlerinnen \/ SPortler dieselbe Rundenzahl, entscheidet die Reihenfolge des Zieleinlaufs.<\/figcaption><\/figure>\n","protected":false},"excerpt":{"rendered":"<p>Ergebnisse unter https:\/\/www.mpdv-cup.de\/Ergebnisse.php &nbsp; &nbsp; Am Sonntag, den 20.07.2025, findet wieder die Langenbrander Bike Session statt. Ausgetragen werden Cross-Country Rennen in den Nachwuchsklassen U11 &#8211; U17, sowie ein Jedermann Stundenrennen f\u00fcr alle Altersklassen ab U19. Die Bike Session findet im Rahmen des Berg &amp; Bike Cups statt. &nbsp; &nbsp; Die <a class=\"more-link\" href=\"https:\/\/www.rmsv-langenbrand.de\/?page_id=101\">Weiterlesen<\/a><\/p>\n","protected":false},"author":1,"featured_media":0,"parent":0,"menu_order":0,"comment_status":"open","ping_status":"closed","template":"","meta":{"ngg_post_thumbnail":0,"footnotes":""},"class_list":["post-101","page","type-page","status-publish","hentry"],"_links":{"self":[{"href":"https:\/\/www.rmsv-langenbrand.de\/index.php?rest_route=\/wp\/v2\/pages\/101","targetHints":{"allow":["GET"]}}],"collection":[{"href":"https:\/\/www.rmsv-langenbrand.de\/index.php?rest_route=\/wp\/v2\/pages"}],"about":[{"href":"https:\/\/www.rmsv-langenbrand.de\/index.php?rest_route=\/wp\/v2\/types\/page"}],"author":[{"embeddable":true,"href":"https:\/\/www.rmsv-langenbrand.de\/index.php?rest_route=\/wp\/v2\/users\/1"}],"replies":[{"embeddable":true,"href":"https:\/\/www.rmsv-langenbrand.de\/index.php?rest_route=%2Fwp%2Fv2%2Fcomments&post=101"}],"version-history":[{"count":54,"href":"https:\/\/www.rmsv-langenbrand.de\/index.php?rest_route=\/wp\/v2\/pages\/101\/revisions"}],"predecessor-version":[{"id":3703,"href":"https:\/\/www.rmsv-langenbrand.de\/index.php?rest_route=\/wp\/v2\/pages\/101\/revisions\/3703"}],"wp:attachment":[{"href":"https:\/\/www.rmsv-langenbrand.de\/index.php?rest_route=%2Fwp%2Fv2%2Fmedia&parent=101"}],"curies":[{"name":"wp","href":"https:\/\/api.w.org\/{rel}","templated":true}]}}